{"id":94,"date":"2026-02-19T00:04:51","date_gmt":"2026-02-19T00:04:51","guid":{"rendered":"https:\/\/walkingwithgodboutique.com\/?page_id=94"},"modified":"2026-02-21T05:36:06","modified_gmt":"2026-02-21T05:36:06","slug":"faldas","status":"publish","type":"page","link":"https:\/\/walkingwithgodboutique.com\/?page_id=94","title":{"rendered":"Faldas y Blusas"},"content":{"rendered":"\n<div class=\"wp-block-group alignwide is-layout-grid wp-container-core-group-is-layout-55986fc0 wp-block-group-is-layout-grid\">\n<div class=\"wp-block-group has-global-padding is-layout-constrained wp-block-group-is-layout-constrained\">\n<div data-aos= \"fade-left\" data-aos-duration=\"400\" data-aos-delay=\"0\" data-aos-easing=\"ease\" data-aos-once=\"true\" class=\"wp-block-uagb-image uagb-block-d0f989ed wp-block-uagb-image--layout-default wp-block-uagb-image--effect-static wp-block-uagb-image--align-none\"><figure class=\"wp-block-uagb-image__figure\"><img decoding=\"async\"  sizes=\"auto, (max-width: 480px) 150px\" src=\"https:\/\/walkingwithgodboutique.com\/wp-content\/uploads\/2026\/02\/ISIMG-1136296.jpg\" alt=\"\" width=\"811\" height=\"811\" title=\"\" loading=\"lazy\" role=\"img\"\/><\/figure><\/div>\n\n\n\n<p class=\"has-lora-font-family\">Conjunto elegante y modesto: blusa satinada verde esmeralda con falda midi color vino y cintur\u00f3n decorativo. Disponible en la talla que guste.<\/p>\n<\/div>\n\n\n\n<div class=\"wp-block-group has-global-padding is-layout-constrained wp-block-group-is-layout-constrained\">\n<div data-aos= \"fade-left\" data-aos-duration=\"400\" data-aos-delay=\"0\" data-aos-easing=\"ease\" data-aos-once=\"true\" class=\"wp-block-uagb-image uagb-block-28fb673a wp-block-uagb-image--layout-default wp-block-uagb-image--effect-static wp-block-uagb-image--align-none\"><figure class=\"wp-block-uagb-image__figure\"><img decoding=\"async\"  sizes=\"auto, (max-width: 480px) 150px\" src=\"https:\/\/walkingwithgodboutique.com\/wp-content\/uploads\/2026\/02\/ISIMG-1135159.jpg\" alt=\"\" width=\"873\" height=\"873\" title=\"\" loading=\"lazy\" role=\"img\"\/><\/figure><\/div>\n\n\n\n<p class=\"has-lora-font-family\">Conjunto elegante y modesto: Blusa satinada color terracota con falda larga mostaza y cinturon delicado. Disponible en la talla que guste.<\/p>\n<\/div>\n\n\n\n<div class=\"wp-block-group has-global-padding is-layout-constrained wp-block-group-is-layout-constrained\">\n<div data-aos= \"fade-left\" data-aos-duration=\"400\" data-aos-delay=\"0\" data-aos-easing=\"ease\" data-aos-once=\"true\" class=\"wp-block-uagb-image uagb-block-b9519774 wp-block-uagb-image--layout-default wp-block-uagb-image--effect-static wp-block-uagb-image--align-none\"><figure class=\"wp-block-uagb-image__figure\"><img decoding=\"async\"  sizes=\"auto, (max-width: 480px) 150px\" src=\"https:\/\/walkingwithgodboutique.com\/wp-content\/uploads\/2026\/02\/ISIMG-1134820-2.jpg\" alt=\"\" width=\"767\" height=\"767\" title=\"\" loading=\"lazy\" role=\"img\"\/><\/figure><\/div>\n\n\n\n<p class=\"has-lora-font-family\">Conjunto sofisticado y femenino: blusa negra con mangas largas y mo\u00f1o al cuello y falda midi negra conestampado floral en tonos rosa. Disponible en la tall que guste.<\/p>\n<\/div>\n\n\n\n<div class=\"wp-block-group wp-container-content-e9e3d78d has-global-padding is-layout-constrained wp-block-group-is-layout-constrained\">\n<div data-aos= \"fade-left\" data-aos-duration=\"400\" data-aos-delay=\"0\" data-aos-easing=\"ease\" data-aos-once=\"true\" class=\"wp-block-uagb-image uagb-block-45b65d81 wp-block-uagb-image--layout-default wp-block-uagb-image--effect-static wp-block-uagb-image--align-none\"><figure class=\"wp-block-uagb-image__figure\"><img decoding=\"async\"  sizes=\"auto, (max-width: 480px) 150px\" src=\"https:\/\/walkingwithgodboutique.com\/wp-content\/uploads\/2026\/02\/ISIMG-1136355.jpg\" alt=\"\" width=\"890\" height=\"890\" title=\"\" loading=\"lazy\" role=\"img\"\/><\/figure><\/div>\n\n\n\n<p class=\"has-lora-font-family\">Outfit ekegante y c\u00f3modo: Blusa negra cuello V de manga corta,Falda midi azul con ca\u00edda amplia y cintur\u00f3n ancho detalle brillante al frente. disponible en la talla que guste.<\/p>\n<\/div>\n<\/div>\n","protected":false},"excerpt":{"rendered":"<p>Conjunto elegante y modesto: blusa satinada verde esmeralda con falda midi color vino y cintur\u00f3n decorativo. Disponible en la talla que guste. Conjunto elegante y modesto: Blusa satinada color terracota con falda larga mostaza y cinturon delicado. Disponible en la talla que guste. Conjunto sofisticado y femenino: blusa negra con mangas largas y mo\u00f1o al [&hellip;]<\/p>\n","protected":false},"author":1,"featured_media":0,"parent":0,"menu_order":0,"comment_status":"closed","ping_status":"closed","template":"","meta":{"_uag_custom_page_level_css":"","footnotes":""},"class_list":["post-94","page","type-page","status-publish","hentry"],"uagb_featured_image_src":{"full":false,"thumbnail":false,"medium":false,"medium_large":false,"large":false,"1536x1536":false,"2048x2048":false},"uagb_author_info":{"display_name":"ftn5i","author_link":"https:\/\/walkingwithgodboutique.com\/?author=1"},"uagb_comment_info":0,"uagb_excerpt":"Conjunto elegante y modesto: blusa satinada verde esmeralda con falda midi color vino y cintur\u00f3n decorativo. Disponible en la talla que guste. Conjunto elegante y modesto: Blusa satinada color terracota con falda larga mostaza y cinturon delicado. Disponible en la talla que guste. Conjunto sofisticado y femenino: blusa negra con mangas largas y mo\u00f1o al&hellip;","_links":{"self":[{"href":"https:\/\/walkingwithgodboutique.com\/index.php?rest_route=\/wp\/v2\/pages\/94","targetHints":{"allow":["GET"]}}],"collection":[{"href":"https:\/\/walkingwithgodboutique.com\/index.php?rest_route=\/wp\/v2\/pages"}],"about":[{"href":"https:\/\/walkingwithgodboutique.com\/index.php?rest_route=\/wp\/v2\/types\/page"}],"author":[{"embeddable":true,"href":"https:\/\/walkingwithgodboutique.com\/index.php?rest_route=\/wp\/v2\/users\/1"}],"replies":[{"embeddable":true,"href":"https:\/\/walkingwithgodboutique.com\/index.php?rest_route=%2Fwp%2Fv2%2Fcomments&post=94"}],"version-history":[{"count":4,"href":"https:\/\/walkingwithgodboutique.com\/index.php?rest_route=\/wp\/v2\/pages\/94\/revisions"}],"predecessor-version":[{"id":274,"href":"https:\/\/walkingwithgodboutique.com\/index.php?rest_route=\/wp\/v2\/pages\/94\/revisions\/274"}],"wp:attachment":[{"href":"https:\/\/walkingwithgodboutique.com\/index.php?rest_route=%2Fwp%2Fv2%2Fmedia&parent=94"}],"curies":[{"name":"wp","href":"https:\/\/api.w.org\/{rel}","templated":true}]}}