{"id":23,"date":"2026-02-13T04:24:58","date_gmt":"2026-02-13T04:24:58","guid":{"rendered":"https:\/\/walkingwithgodboutique.com\/?page_id=23"},"modified":"2026-02-19T18:18:39","modified_gmt":"2026-02-19T18:18:39","slug":"about-us","status":"publish","type":"page","link":"https:\/\/walkingwithgodboutique.com\/?page_id=23","title":{"rendered":"About us"},"content":{"rendered":"\n<p class=\"has-lora-font-family\">Le brindamos una excelente experiencia de compra, ya que la satisfacci\u00f3n, de nuestros clientes es muy importante. Tenemos la combinaci\u00f3n perfecta de ropa que se adapta a sus necesidades atraves de nuestra practica de compra est\u00e1ndar. En Walking with God Boutique, todo gira en torno a nuestro compromiso de ayudarle a lucir lo mejor posible e inspirar confianza en usted.<\/p>\n\n\n\n<h2 class=\"wp-block-heading\">Isaias 54:12<\/h2>\n\n\n\n<p class=\"has-lora-font-family\">Ensancha el sitio de tu tienda y las cortinas de tus habitaciones sean extendidas; no seas escasa; alarga tus cuerdas, y refuerza tus estacas. s<\/p>\n","protected":false},"excerpt":{"rendered":"<p>Le brindamos una excelente experiencia de compra, ya que la satisfacci\u00f3n, de nuestros clientes es muy importante. Tenemos la combinaci\u00f3n perfecta de ropa que se adapta a sus necesidades atraves de nuestra practica de compra est\u00e1ndar. En Walking with God Boutique, todo gira en torno a nuestro compromiso de ayudarle a lucir lo mejor posible [&hellip;]<\/p>\n","protected":false},"author":1,"featured_media":0,"parent":0,"menu_order":0,"comment_status":"closed","ping_status":"closed","template":"","meta":{"_uag_custom_page_level_css":"","footnotes":""},"class_list":["post-23","page","type-page","status-publish","hentry"],"uagb_featured_image_src":{"full":false,"thumbnail":false,"medium":false,"medium_large":false,"large":false,"1536x1536":false,"2048x2048":false},"uagb_author_info":{"display_name":"ftn5i","author_link":"https:\/\/walkingwithgodboutique.com\/?author=1"},"uagb_comment_info":0,"uagb_excerpt":"Le brindamos una excelente experiencia de compra, ya que la satisfacci\u00f3n, de nuestros clientes es muy importante. Tenemos la combinaci\u00f3n perfecta de ropa que se adapta a sus necesidades atraves de nuestra practica de compra est\u00e1ndar. En Walking with God Boutique, todo gira en torno a nuestro compromiso de ayudarle a lucir lo mejor posible&hellip;","_links":{"self":[{"href":"https:\/\/walkingwithgodboutique.com\/index.php?rest_route=\/wp\/v2\/pages\/23","targetHints":{"allow":["GET"]}}],"collection":[{"href":"https:\/\/walkingwithgodboutique.com\/index.php?rest_route=\/wp\/v2\/pages"}],"about":[{"href":"https:\/\/walkingwithgodboutique.com\/index.php?rest_route=\/wp\/v2\/types\/page"}],"author":[{"embeddable":true,"href":"https:\/\/walkingwithgodboutique.com\/index.php?rest_route=\/wp\/v2\/users\/1"}],"replies":[{"embeddable":true,"href":"https:\/\/walkingwithgodboutique.com\/index.php?rest_route=%2Fwp%2Fv2%2Fcomments&post=23"}],"version-history":[{"count":6,"href":"https:\/\/walkingwithgodboutique.com\/index.php?rest_route=\/wp\/v2\/pages\/23\/revisions"}],"predecessor-version":[{"id":171,"href":"https:\/\/walkingwithgodboutique.com\/index.php?rest_route=\/wp\/v2\/pages\/23\/revisions\/171"}],"wp:attachment":[{"href":"https:\/\/walkingwithgodboutique.com\/index.php?rest_route=%2Fwp%2Fv2%2Fmedia&parent=23"}],"curies":[{"name":"wp","href":"https:\/\/api.w.org\/{rel}","templated":true}]}}